{"id":38653,"date":"2024-12-13T15:10:47","date_gmt":"2024-12-13T14:10:47","guid":{"rendered":"https:\/\/gidroexim.sk\/?post_type=product&#038;p=38653"},"modified":"2024-12-13T15:10:48","modified_gmt":"2024-12-13T14:10:48","slug":"cerpadlo-vodne-84-017-549","status":"publish","type":"product","link":"https:\/\/gidroexim.sk\/ru\/produkt\/cerpadlo-vodne-84-017-549\/","title":{"rendered":"\u010derpadlo vodn\u00e9 84.017.549"},"content":{"rendered":"","protected":false},"excerpt":{"rendered":"","protected":false},"featured_media":38654,"template":"","meta":[],"product_cat":[197],"product_tag":[],"class_list":{"0":"post-38653","1":"product","2":"type-product","3":"status-publish","4":"has-post-thumbnail","6":"product_cat-lkt-81","7":"description-off","9":"first","10":"instock","11":"taxable","12":"shipping-taxable","13":"product-type-simple"},"yoast_head":"<!-- This site is optimized with the Yoast SEO plugin v24.0 - https:\/\/yoast.com\/wordpress\/plugins\/seo\/ -->\n<title>\u010derpadlo vodn\u00e9 84.017.549 - GIDROEXIM<\/title>\n<meta name=\"description\" content=\"\u010derpadlo vodn\u00e9 84.017.549\" \/>\n<meta name=\"robots\" content=\"index, follow, max-snippet:-1, max-image-preview:large, max-video-preview:-1\" \/>\n<link rel=\"canonical\" href=\"https:\/\/gidroexim.sk\/produkt\/cerpadlo-vodne-84-017-549\/\" \/>\n<meta property=\"og:locale\" content=\"ru_RU\" \/>\n<meta property=\"og:type\" content=\"article\" \/>\n<meta property=\"og:title\" content=\"\u010derpadlo vodn\u00e9 84.017.549 - GIDROEXIM\" \/>\n<meta property=\"og:description\" content=\"\u010derpadlo vodn\u00e9 84.017.549\" \/>\n<meta property=\"og:url\" content=\"https:\/\/gidroexim.sk\/produkt\/cerpadlo-vodne-84-017-549\/\" \/>\n<meta property=\"og:site_name\" content=\"GIDROEXIM\" \/>\n<meta property=\"article:modified_time\" content=\"2024-12-13T14:10:48+00:00\" \/>\n<meta property=\"og:image\" content=\"https:\/\/gidroexim.sk\/wp-content\/uploads\/2024\/12\/\u041d\u0430\u0441\u043e\u0441-\u0432\u043e\u0434\u044f\u043d\u043e\u0439-\u0430\u0440\u0442\u0438\u043a\u0443\u043b-84017549-LKT-81.jpg\" \/>\n\t<meta property=\"og:image:width\" content=\"2534\" \/>\n\t<meta property=\"og:image:height\" content=\"1848\" \/>\n\t<meta property=\"og:image:type\" content=\"image\/jpeg\" \/>\n<meta name=\"twitter:card\" content=\"summary_large_image\" \/>\n<meta name=\"twitter:label1\" content=\"\u041f\u0440\u0438\u043c\u0435\u0440\u043d\u043e\u0435 \u0432\u0440\u0435\u043c\u044f \u0434\u043b\u044f \u0447\u0442\u0435\u043d\u0438\u044f\" \/>\n\t<meta name=\"twitter:data1\" content=\"1 \u043c\u0438\u043d\u0443\u0442\u0430\" \/>\n<script type=\"application\/ld+json\" class=\"yoast-schema-graph\">{\"@context\":\"https:\/\/schema.org\",\"@graph\":[{\"@type\":\"WebPage\",\"@id\":\"https:\/\/gidroexim.sk\/produkt\/cerpadlo-vodne-84-017-549\/\",\"url\":\"https:\/\/gidroexim.sk\/produkt\/cerpadlo-vodne-84-017-549\/\",\"name\":\"\u010derpadlo vodn\u00e9 84.017.549 - GIDROEXIM\",\"isPartOf\":{\"@id\":\"https:\/\/gidroexim.sk\/#website\"},\"primaryImageOfPage\":{\"@id\":\"https:\/\/gidroexim.sk\/produkt\/cerpadlo-vodne-84-017-549\/#primaryimage\"},\"image\":{\"@id\":\"https:\/\/gidroexim.sk\/produkt\/cerpadlo-vodne-84-017-549\/#primaryimage\"},\"thumbnailUrl\":\"https:\/\/gidroexim.sk\/wp-content\/uploads\/2024\/12\/\u041d\u0430\u0441\u043e\u0441-\u0432\u043e\u0434\u044f\u043d\u043e\u0439-\u0430\u0440\u0442\u0438\u043a\u0443\u043b-84017549-LKT-81.jpg\",\"datePublished\":\"2024-12-13T14:10:47+00:00\",\"dateModified\":\"2024-12-13T14:10:48+00:00\",\"description\":\"\u010derpadlo vodn\u00e9 84.017.549\",\"breadcrumb\":{\"@id\":\"https:\/\/gidroexim.sk\/produkt\/cerpadlo-vodne-84-017-549\/#breadcrumb\"},\"inLanguage\":\"ru-RU\",\"potentialAction\":[{\"@type\":\"ReadAction\",\"target\":[\"https:\/\/gidroexim.sk\/produkt\/cerpadlo-vodne-84-017-549\/\"]}]},{\"@type\":\"ImageObject\",\"inLanguage\":\"ru-RU\",\"@id\":\"https:\/\/gidroexim.sk\/produkt\/cerpadlo-vodne-84-017-549\/#primaryimage\",\"url\":\"https:\/\/gidroexim.sk\/wp-content\/uploads\/2024\/12\/\u041d\u0430\u0441\u043e\u0441-\u0432\u043e\u0434\u044f\u043d\u043e\u0439-\u0430\u0440\u0442\u0438\u043a\u0443\u043b-84017549-LKT-81.jpg\",\"contentUrl\":\"https:\/\/gidroexim.sk\/wp-content\/uploads\/2024\/12\/\u041d\u0430\u0441\u043e\u0441-\u0432\u043e\u0434\u044f\u043d\u043e\u0439-\u0430\u0440\u0442\u0438\u043a\u0443\u043b-84017549-LKT-81.jpg\",\"width\":2534,\"height\":1848,\"caption\":\"\u010derpadlo vodn\u00e9 84.017.549\"},{\"@type\":\"BreadcrumbList\",\"@id\":\"https:\/\/gidroexim.sk\/produkt\/cerpadlo-vodne-84-017-549\/#breadcrumb\",\"itemListElement\":[{\"@type\":\"ListItem\",\"position\":1,\"name\":\"Home\",\"item\":\"https:\/\/gidroexim.sk\/ru\/\"},{\"@type\":\"ListItem\",\"position\":2,\"name\":\"\u0432\u0441\u0435 \u043f\u0440\u043e\u0434\u0443\u043a\u0442\u044b\",\"item\":\"https:\/\/gidroexim.sk\/ru\/%d0%b2%d1%81%d0%b5-%d0%bf%d1%80%d0%be%d0%b4%d1%83%d0%ba%d1%82%d1%8b\/\"},{\"@type\":\"ListItem\",\"position\":3,\"name\":\"\u010derpadlo vodn\u00e9 84.017.549\"}]},{\"@type\":\"WebSite\",\"@id\":\"https:\/\/gidroexim.sk\/#website\",\"url\":\"https:\/\/gidroexim.sk\/\",\"name\":\"GIDROEXIM\",\"description\":\"\",\"publisher\":{\"@id\":\"https:\/\/gidroexim.sk\/#organization\"},\"potentialAction\":[{\"@type\":\"SearchAction\",\"target\":{\"@type\":\"EntryPoint\",\"urlTemplate\":\"https:\/\/gidroexim.sk\/?s={search_term_string}\"},\"query-input\":{\"@type\":\"PropertyValueSpecification\",\"valueRequired\":true,\"valueName\":\"search_term_string\"}}],\"inLanguage\":\"ru-RU\"},{\"@type\":\"Organization\",\"@id\":\"https:\/\/gidroexim.sk\/#organization\",\"name\":\"GIDROEXIM\",\"url\":\"https:\/\/gidroexim.sk\/\",\"logo\":{\"@type\":\"ImageObject\",\"inLanguage\":\"ru-RU\",\"@id\":\"https:\/\/gidroexim.sk\/#\/schema\/logo\/image\/\",\"url\":\"https:\/\/gidroexim.sk\/wp-content\/uploads\/gidroexim-logo-2.png\",\"contentUrl\":\"https:\/\/gidroexim.sk\/wp-content\/uploads\/gidroexim-logo-2.png\",\"width\":336,\"height\":120,\"caption\":\"GIDROEXIM\"},\"image\":{\"@id\":\"https:\/\/gidroexim.sk\/#\/schema\/logo\/image\/\"}}]}<\/script>\n<!-- \/ Yoast SEO plugin. -->","yoast_head_json":{"title":"\u010derpadlo vodn\u00e9 84.017.549 - GIDROEXIM","description":"\u010derpadlo vodn\u00e9 84.017.549","robots":{"index":"index","follow":"follow","max-snippet":"max-snippet:-1","max-image-preview":"max-image-preview:large","max-video-preview":"max-video-preview:-1"},"canonical":"https:\/\/gidroexim.sk\/produkt\/cerpadlo-vodne-84-017-549\/","og_locale":"ru_RU","og_type":"article","og_title":"\u010derpadlo vodn\u00e9 84.017.549 - GIDROEXIM","og_description":"\u010derpadlo vodn\u00e9 84.017.549","og_url":"https:\/\/gidroexim.sk\/produkt\/cerpadlo-vodne-84-017-549\/","og_site_name":"GIDROEXIM","article_modified_time":"2024-12-13T14:10:48+00:00","og_image":[{"width":2534,"height":1848,"url":"https:\/\/gidroexim.sk\/wp-content\/uploads\/2024\/12\/\u041d\u0430\u0441\u043e\u0441-\u0432\u043e\u0434\u044f\u043d\u043e\u0439-\u0430\u0440\u0442\u0438\u043a\u0443\u043b-84017549-LKT-81.jpg","type":"image\/jpeg"}],"twitter_card":"summary_large_image","twitter_misc":{"\u041f\u0440\u0438\u043c\u0435\u0440\u043d\u043e\u0435 \u0432\u0440\u0435\u043c\u044f \u0434\u043b\u044f \u0447\u0442\u0435\u043d\u0438\u044f":"1 \u043c\u0438\u043d\u0443\u0442\u0430"},"schema":{"@context":"https:\/\/schema.org","@graph":[{"@type":"WebPage","@id":"https:\/\/gidroexim.sk\/produkt\/cerpadlo-vodne-84-017-549\/","url":"https:\/\/gidroexim.sk\/produkt\/cerpadlo-vodne-84-017-549\/","name":"\u010derpadlo vodn\u00e9 84.017.549 - GIDROEXIM","isPartOf":{"@id":"https:\/\/gidroexim.sk\/#website"},"primaryImageOfPage":{"@id":"https:\/\/gidroexim.sk\/produkt\/cerpadlo-vodne-84-017-549\/#primaryimage"},"image":{"@id":"https:\/\/gidroexim.sk\/produkt\/cerpadlo-vodne-84-017-549\/#primaryimage"},"thumbnailUrl":"https:\/\/gidroexim.sk\/wp-content\/uploads\/2024\/12\/\u041d\u0430\u0441\u043e\u0441-\u0432\u043e\u0434\u044f\u043d\u043e\u0439-\u0430\u0440\u0442\u0438\u043a\u0443\u043b-84017549-LKT-81.jpg","datePublished":"2024-12-13T14:10:47+00:00","dateModified":"2024-12-13T14:10:48+00:00","description":"\u010derpadlo vodn\u00e9 84.017.549","breadcrumb":{"@id":"https:\/\/gidroexim.sk\/produkt\/cerpadlo-vodne-84-017-549\/#breadcrumb"},"inLanguage":"ru-RU","potentialAction":[{"@type":"ReadAction","target":["https:\/\/gidroexim.sk\/produkt\/cerpadlo-vodne-84-017-549\/"]}]},{"@type":"ImageObject","inLanguage":"ru-RU","@id":"https:\/\/gidroexim.sk\/produkt\/cerpadlo-vodne-84-017-549\/#primaryimage","url":"https:\/\/gidroexim.sk\/wp-content\/uploads\/2024\/12\/\u041d\u0430\u0441\u043e\u0441-\u0432\u043e\u0434\u044f\u043d\u043e\u0439-\u0430\u0440\u0442\u0438\u043a\u0443\u043b-84017549-LKT-81.jpg","contentUrl":"https:\/\/gidroexim.sk\/wp-content\/uploads\/2024\/12\/\u041d\u0430\u0441\u043e\u0441-\u0432\u043e\u0434\u044f\u043d\u043e\u0439-\u0430\u0440\u0442\u0438\u043a\u0443\u043b-84017549-LKT-81.jpg","width":2534,"height":1848,"caption":"\u010derpadlo vodn\u00e9 84.017.549"},{"@type":"BreadcrumbList","@id":"https:\/\/gidroexim.sk\/produkt\/cerpadlo-vodne-84-017-549\/#breadcrumb","itemListElement":[{"@type":"ListItem","position":1,"name":"Home","item":"https:\/\/gidroexim.sk\/ru\/"},{"@type":"ListItem","position":2,"name":"\u0432\u0441\u0435 \u043f\u0440\u043e\u0434\u0443\u043a\u0442\u044b","item":"https:\/\/gidroexim.sk\/ru\/%d0%b2%d1%81%d0%b5-%d0%bf%d1%80%d0%be%d0%b4%d1%83%d0%ba%d1%82%d1%8b\/"},{"@type":"ListItem","position":3,"name":"\u010derpadlo vodn\u00e9 84.017.549"}]},{"@type":"WebSite","@id":"https:\/\/gidroexim.sk\/#website","url":"https:\/\/gidroexim.sk\/","name":"GIDROEXIM","description":"","publisher":{"@id":"https:\/\/gidroexim.sk\/#organization"},"potentialAction":[{"@type":"SearchAction","target":{"@type":"EntryPoint","urlTemplate":"https:\/\/gidroexim.sk\/?s={search_term_string}"},"query-input":{"@type":"PropertyValueSpecification","valueRequired":true,"valueName":"search_term_string"}}],"inLanguage":"ru-RU"},{"@type":"Organization","@id":"https:\/\/gidroexim.sk\/#organization","name":"GIDROEXIM","url":"https:\/\/gidroexim.sk\/","logo":{"@type":"ImageObject","inLanguage":"ru-RU","@id":"https:\/\/gidroexim.sk\/#\/schema\/logo\/image\/","url":"https:\/\/gidroexim.sk\/wp-content\/uploads\/gidroexim-logo-2.png","contentUrl":"https:\/\/gidroexim.sk\/wp-content\/uploads\/gidroexim-logo-2.png","width":336,"height":120,"caption":"GIDROEXIM"},"image":{"@id":"https:\/\/gidroexim.sk\/#\/schema\/logo\/image\/"}}]}},"_links":{"self":[{"href":"https:\/\/gidroexim.sk\/ru\/wp-json\/wp\/v2\/product\/38653","targetHints":{"allow":["GET"]}}],"collection":[{"href":"https:\/\/gidroexim.sk\/ru\/wp-json\/wp\/v2\/product"}],"about":[{"href":"https:\/\/gidroexim.sk\/ru\/wp-json\/wp\/v2\/types\/product"}],"wp:featuredmedia":[{"embeddable":true,"href":"https:\/\/gidroexim.sk\/ru\/wp-json\/wp\/v2\/media\/38654"}],"wp:attachment":[{"href":"https:\/\/gidroexim.sk\/ru\/wp-json\/wp\/v2\/media?parent=38653"}],"wp:term":[{"taxonomy":"product_cat","embeddable":true,"href":"https:\/\/gidroexim.sk\/ru\/wp-json\/wp\/v2\/product_cat?post=38653"},{"taxonomy":"product_tag","embeddable":true,"href":"https:\/\/gidroexim.sk\/ru\/wp-json\/wp\/v2\/product_tag?post=38653"}],"curies":[{"name":"wp","href":"https:\/\/api.w.org\/{rel}","templated":true}]}}