{"id":38697,"date":"2025-01-17T16:14:22","date_gmt":"2025-01-17T15:14:22","guid":{"rendered":"https:\/\/gidroexim.sk\/?post_type=product&#038;p=38697"},"modified":"2025-01-17T16:14:23","modified_gmt":"2025-01-17T15:14:23","slug":"vstrekovacia-tryska-1439-lkt-81","status":"publish","type":"product","link":"https:\/\/gidroexim.sk\/ru\/produkt\/vstrekovacia-tryska-1439-lkt-81\/","title":{"rendered":"Vstrekovacia tryska 1439 LKT 81"},"content":{"rendered":"","protected":false},"excerpt":{"rendered":"","protected":false},"featured_media":38698,"template":"","meta":[],"product_cat":[197],"product_tag":[],"class_list":{"0":"post-38697","1":"product","2":"type-product","3":"status-publish","4":"has-post-thumbnail","6":"product_cat-lkt-81","7":"description-off","9":"first","10":"instock","11":"taxable","12":"shipping-taxable","13":"product-type-simple"},"yoast_head":"<!-- This site is optimized with the Yoast SEO plugin v24.0 - https:\/\/yoast.com\/wordpress\/plugins\/seo\/ -->\n<title>Vstrekovacia tryska 1439 LKT 81 - GIDROEXIM<\/title>\n<meta name=\"description\" content=\"Vstrekovacia tryska 1439 LKT 81 Katal\u00f3g. \u010d\u00edslo:DOP150S430-1439,93009310\" \/>\n<meta name=\"robots\" content=\"index, follow, max-snippet:-1, max-image-preview:large, max-video-preview:-1\" \/>\n<link rel=\"canonical\" href=\"https:\/\/gidroexim.sk\/produkt\/vstrekovacia-tryska-1439-lkt-81\/\" \/>\n<meta property=\"og:locale\" content=\"ru_RU\" \/>\n<meta property=\"og:type\" content=\"article\" \/>\n<meta property=\"og:title\" content=\"Vstrekovacia tryska 1439 LKT 81 - GIDROEXIM\" \/>\n<meta property=\"og:description\" content=\"Vstrekovacia tryska 1439 LKT 81 Katal\u00f3g. \u010d\u00edslo:DOP150S430-1439,93009310\" \/>\n<meta property=\"og:url\" content=\"https:\/\/gidroexim.sk\/produkt\/vstrekovacia-tryska-1439-lkt-81\/\" \/>\n<meta property=\"og:site_name\" content=\"GIDROEXIM\" \/>\n<meta property=\"article:modified_time\" content=\"2025-01-17T15:14:23+00:00\" \/>\n<meta property=\"og:image\" content=\"https:\/\/gidroexim.sk\/wp-content\/uploads\/2025\/01\/\u0421\u043e\u043f\u043b\u043e-DOP-150-S-430-1439443978581417-LKT-81.jpg\" \/>\n\t<meta property=\"og:image:width\" content=\"2198\" \/>\n\t<meta property=\"og:image:height\" content=\"1848\" \/>\n\t<meta property=\"og:image:type\" content=\"image\/jpeg\" \/>\n<meta name=\"twitter:card\" content=\"summary_large_image\" \/>\n<meta name=\"twitter:label1\" content=\"\u041f\u0440\u0438\u043c\u0435\u0440\u043d\u043e\u0435 \u0432\u0440\u0435\u043c\u044f \u0434\u043b\u044f \u0447\u0442\u0435\u043d\u0438\u044f\" \/>\n\t<meta name=\"twitter:data1\" content=\"1 \u043c\u0438\u043d\u0443\u0442\u0430\" \/>\n<script type=\"application\/ld+json\" class=\"yoast-schema-graph\">{\"@context\":\"https:\/\/schema.org\",\"@graph\":[{\"@type\":\"WebPage\",\"@id\":\"https:\/\/gidroexim.sk\/produkt\/vstrekovacia-tryska-1439-lkt-81\/\",\"url\":\"https:\/\/gidroexim.sk\/produkt\/vstrekovacia-tryska-1439-lkt-81\/\",\"name\":\"Vstrekovacia tryska 1439 LKT 81 - GIDROEXIM\",\"isPartOf\":{\"@id\":\"https:\/\/gidroexim.sk\/#website\"},\"primaryImageOfPage\":{\"@id\":\"https:\/\/gidroexim.sk\/produkt\/vstrekovacia-tryska-1439-lkt-81\/#primaryimage\"},\"image\":{\"@id\":\"https:\/\/gidroexim.sk\/produkt\/vstrekovacia-tryska-1439-lkt-81\/#primaryimage\"},\"thumbnailUrl\":\"https:\/\/gidroexim.sk\/wp-content\/uploads\/2025\/01\/\u0421\u043e\u043f\u043b\u043e-DOP-150-S-430-1439443978581417-LKT-81.jpg\",\"datePublished\":\"2025-01-17T15:14:22+00:00\",\"dateModified\":\"2025-01-17T15:14:23+00:00\",\"description\":\"Vstrekovacia tryska 1439 LKT 81 Katal\u00f3g. \u010d\u00edslo:DOP150S430-1439,93009310\",\"breadcrumb\":{\"@id\":\"https:\/\/gidroexim.sk\/produkt\/vstrekovacia-tryska-1439-lkt-81\/#breadcrumb\"},\"inLanguage\":\"ru-RU\",\"potentialAction\":[{\"@type\":\"ReadAction\",\"target\":[\"https:\/\/gidroexim.sk\/produkt\/vstrekovacia-tryska-1439-lkt-81\/\"]}]},{\"@type\":\"ImageObject\",\"inLanguage\":\"ru-RU\",\"@id\":\"https:\/\/gidroexim.sk\/produkt\/vstrekovacia-tryska-1439-lkt-81\/#primaryimage\",\"url\":\"https:\/\/gidroexim.sk\/wp-content\/uploads\/2025\/01\/\u0421\u043e\u043f\u043b\u043e-DOP-150-S-430-1439443978581417-LKT-81.jpg\",\"contentUrl\":\"https:\/\/gidroexim.sk\/wp-content\/uploads\/2025\/01\/\u0421\u043e\u043f\u043b\u043e-DOP-150-S-430-1439443978581417-LKT-81.jpg\",\"width\":2198,\"height\":1848,\"caption\":\"Vstrekovacia tryska 1439 LKT 81 Katal\u00f3g. \u010d\u00edslo:DOP150S430-1439,93009310\"},{\"@type\":\"BreadcrumbList\",\"@id\":\"https:\/\/gidroexim.sk\/produkt\/vstrekovacia-tryska-1439-lkt-81\/#breadcrumb\",\"itemListElement\":[{\"@type\":\"ListItem\",\"position\":1,\"name\":\"Home\",\"item\":\"https:\/\/gidroexim.sk\/ru\/\"},{\"@type\":\"ListItem\",\"position\":2,\"name\":\"\u0432\u0441\u0435 \u043f\u0440\u043e\u0434\u0443\u043a\u0442\u044b\",\"item\":\"https:\/\/gidroexim.sk\/ru\/%d0%b2%d1%81%d0%b5-%d0%bf%d1%80%d0%be%d0%b4%d1%83%d0%ba%d1%82%d1%8b\/\"},{\"@type\":\"ListItem\",\"position\":3,\"name\":\"Vstrekovacia tryska 1439 LKT 81\"}]},{\"@type\":\"WebSite\",\"@id\":\"https:\/\/gidroexim.sk\/#website\",\"url\":\"https:\/\/gidroexim.sk\/\",\"name\":\"GIDROEXIM\",\"description\":\"\",\"publisher\":{\"@id\":\"https:\/\/gidroexim.sk\/#organization\"},\"potentialAction\":[{\"@type\":\"SearchAction\",\"target\":{\"@type\":\"EntryPoint\",\"urlTemplate\":\"https:\/\/gidroexim.sk\/?s={search_term_string}\"},\"query-input\":{\"@type\":\"PropertyValueSpecification\",\"valueRequired\":true,\"valueName\":\"search_term_string\"}}],\"inLanguage\":\"ru-RU\"},{\"@type\":\"Organization\",\"@id\":\"https:\/\/gidroexim.sk\/#organization\",\"name\":\"GIDROEXIM\",\"url\":\"https:\/\/gidroexim.sk\/\",\"logo\":{\"@type\":\"ImageObject\",\"inLanguage\":\"ru-RU\",\"@id\":\"https:\/\/gidroexim.sk\/#\/schema\/logo\/image\/\",\"url\":\"https:\/\/gidroexim.sk\/wp-content\/uploads\/gidroexim-logo-2.png\",\"contentUrl\":\"https:\/\/gidroexim.sk\/wp-content\/uploads\/gidroexim-logo-2.png\",\"width\":336,\"height\":120,\"caption\":\"GIDROEXIM\"},\"image\":{\"@id\":\"https:\/\/gidroexim.sk\/#\/schema\/logo\/image\/\"}}]}<\/script>\n<!-- \/ Yoast SEO plugin. -->","yoast_head_json":{"title":"Vstrekovacia tryska 1439 LKT 81 - GIDROEXIM","description":"Vstrekovacia tryska 1439 LKT 81 Katal\u00f3g. \u010d\u00edslo:DOP150S430-1439,93009310","robots":{"index":"index","follow":"follow","max-snippet":"max-snippet:-1","max-image-preview":"max-image-preview:large","max-video-preview":"max-video-preview:-1"},"canonical":"https:\/\/gidroexim.sk\/produkt\/vstrekovacia-tryska-1439-lkt-81\/","og_locale":"ru_RU","og_type":"article","og_title":"Vstrekovacia tryska 1439 LKT 81 - GIDROEXIM","og_description":"Vstrekovacia tryska 1439 LKT 81 Katal\u00f3g. \u010d\u00edslo:DOP150S430-1439,93009310","og_url":"https:\/\/gidroexim.sk\/produkt\/vstrekovacia-tryska-1439-lkt-81\/","og_site_name":"GIDROEXIM","article_modified_time":"2025-01-17T15:14:23+00:00","og_image":[{"width":2198,"height":1848,"url":"https:\/\/gidroexim.sk\/wp-content\/uploads\/2025\/01\/\u0421\u043e\u043f\u043b\u043e-DOP-150-S-430-1439443978581417-LKT-81.jpg","type":"image\/jpeg"}],"twitter_card":"summary_large_image","twitter_misc":{"\u041f\u0440\u0438\u043c\u0435\u0440\u043d\u043e\u0435 \u0432\u0440\u0435\u043c\u044f \u0434\u043b\u044f \u0447\u0442\u0435\u043d\u0438\u044f":"1 \u043c\u0438\u043d\u0443\u0442\u0430"},"schema":{"@context":"https:\/\/schema.org","@graph":[{"@type":"WebPage","@id":"https:\/\/gidroexim.sk\/produkt\/vstrekovacia-tryska-1439-lkt-81\/","url":"https:\/\/gidroexim.sk\/produkt\/vstrekovacia-tryska-1439-lkt-81\/","name":"Vstrekovacia tryska 1439 LKT 81 - GIDROEXIM","isPartOf":{"@id":"https:\/\/gidroexim.sk\/#website"},"primaryImageOfPage":{"@id":"https:\/\/gidroexim.sk\/produkt\/vstrekovacia-tryska-1439-lkt-81\/#primaryimage"},"image":{"@id":"https:\/\/gidroexim.sk\/produkt\/vstrekovacia-tryska-1439-lkt-81\/#primaryimage"},"thumbnailUrl":"https:\/\/gidroexim.sk\/wp-content\/uploads\/2025\/01\/\u0421\u043e\u043f\u043b\u043e-DOP-150-S-430-1439443978581417-LKT-81.jpg","datePublished":"2025-01-17T15:14:22+00:00","dateModified":"2025-01-17T15:14:23+00:00","description":"Vstrekovacia tryska 1439 LKT 81 Katal\u00f3g. \u010d\u00edslo:DOP150S430-1439,93009310","breadcrumb":{"@id":"https:\/\/gidroexim.sk\/produkt\/vstrekovacia-tryska-1439-lkt-81\/#breadcrumb"},"inLanguage":"ru-RU","potentialAction":[{"@type":"ReadAction","target":["https:\/\/gidroexim.sk\/produkt\/vstrekovacia-tryska-1439-lkt-81\/"]}]},{"@type":"ImageObject","inLanguage":"ru-RU","@id":"https:\/\/gidroexim.sk\/produkt\/vstrekovacia-tryska-1439-lkt-81\/#primaryimage","url":"https:\/\/gidroexim.sk\/wp-content\/uploads\/2025\/01\/\u0421\u043e\u043f\u043b\u043e-DOP-150-S-430-1439443978581417-LKT-81.jpg","contentUrl":"https:\/\/gidroexim.sk\/wp-content\/uploads\/2025\/01\/\u0421\u043e\u043f\u043b\u043e-DOP-150-S-430-1439443978581417-LKT-81.jpg","width":2198,"height":1848,"caption":"Vstrekovacia tryska 1439 LKT 81 Katal\u00f3g. \u010d\u00edslo:DOP150S430-1439,93009310"},{"@type":"BreadcrumbList","@id":"https:\/\/gidroexim.sk\/produkt\/vstrekovacia-tryska-1439-lkt-81\/#breadcrumb","itemListElement":[{"@type":"ListItem","position":1,"name":"Home","item":"https:\/\/gidroexim.sk\/ru\/"},{"@type":"ListItem","position":2,"name":"\u0432\u0441\u0435 \u043f\u0440\u043e\u0434\u0443\u043a\u0442\u044b","item":"https:\/\/gidroexim.sk\/ru\/%d0%b2%d1%81%d0%b5-%d0%bf%d1%80%d0%be%d0%b4%d1%83%d0%ba%d1%82%d1%8b\/"},{"@type":"ListItem","position":3,"name":"Vstrekovacia tryska 1439 LKT 81"}]},{"@type":"WebSite","@id":"https:\/\/gidroexim.sk\/#website","url":"https:\/\/gidroexim.sk\/","name":"GIDROEXIM","description":"","publisher":{"@id":"https:\/\/gidroexim.sk\/#organization"},"potentialAction":[{"@type":"SearchAction","target":{"@type":"EntryPoint","urlTemplate":"https:\/\/gidroexim.sk\/?s={search_term_string}"},"query-input":{"@type":"PropertyValueSpecification","valueRequired":true,"valueName":"search_term_string"}}],"inLanguage":"ru-RU"},{"@type":"Organization","@id":"https:\/\/gidroexim.sk\/#organization","name":"GIDROEXIM","url":"https:\/\/gidroexim.sk\/","logo":{"@type":"ImageObject","inLanguage":"ru-RU","@id":"https:\/\/gidroexim.sk\/#\/schema\/logo\/image\/","url":"https:\/\/gidroexim.sk\/wp-content\/uploads\/gidroexim-logo-2.png","contentUrl":"https:\/\/gidroexim.sk\/wp-content\/uploads\/gidroexim-logo-2.png","width":336,"height":120,"caption":"GIDROEXIM"},"image":{"@id":"https:\/\/gidroexim.sk\/#\/schema\/logo\/image\/"}}]}},"_links":{"self":[{"href":"https:\/\/gidroexim.sk\/ru\/wp-json\/wp\/v2\/product\/38697","targetHints":{"allow":["GET"]}}],"collection":[{"href":"https:\/\/gidroexim.sk\/ru\/wp-json\/wp\/v2\/product"}],"about":[{"href":"https:\/\/gidroexim.sk\/ru\/wp-json\/wp\/v2\/types\/product"}],"wp:featuredmedia":[{"embeddable":true,"href":"https:\/\/gidroexim.sk\/ru\/wp-json\/wp\/v2\/media\/38698"}],"wp:attachment":[{"href":"https:\/\/gidroexim.sk\/ru\/wp-json\/wp\/v2\/media?parent=38697"}],"wp:term":[{"taxonomy":"product_cat","embeddable":true,"href":"https:\/\/gidroexim.sk\/ru\/wp-json\/wp\/v2\/product_cat?post=38697"},{"taxonomy":"product_tag","embeddable":true,"href":"https:\/\/gidroexim.sk\/ru\/wp-json\/wp\/v2\/product_tag?post=38697"}],"curies":[{"name":"wp","href":"https:\/\/api.w.org\/{rel}","templated":true}]}}