{"id":38745,"date":"2025-01-20T10:58:05","date_gmt":"2025-01-20T09:58:05","guid":{"rendered":"https:\/\/gidroexim.sk\/?post_type=product&#038;p=38745"},"modified":"2025-01-20T10:58:56","modified_gmt":"2025-01-20T09:58:56","slug":"klukovy-cap-tz4k14","status":"publish","type":"product","link":"https:\/\/gidroexim.sk\/ru\/produkt\/klukovy-cap-tz4k14\/","title":{"rendered":"K\u013eukov\u00fd \u010dap TZ4K14"},"content":{"rendered":"","protected":false},"excerpt":{"rendered":"","protected":false},"featured_media":38746,"template":"","meta":[],"product_cat":[185],"product_tag":[],"class_list":{"0":"post-38745","1":"product","2":"type-product","3":"status-publish","4":"has-post-thumbnail","6":"product_cat-tz-4k-14","7":"description-off","9":"first","10":"instock","11":"taxable","12":"shipping-taxable","13":"product-type-simple"},"yoast_head":"<!-- This site is optimized with the Yoast SEO plugin v24.0 - https:\/\/yoast.com\/wordpress\/plugins\/seo\/ -->\n<title>K\u013eukov\u00fd \u010dap TZ4K14 - GIDROEXIM<\/title>\n<meta name=\"description\" content=\"K\u013eukov\u00fd \u010dap TZ4K14 Katalogov\u00e9 \u010d\u00edslo : 02046\" \/>\n<meta name=\"robots\" content=\"index, follow, max-snippet:-1, max-image-preview:large, max-video-preview:-1\" \/>\n<link rel=\"canonical\" href=\"https:\/\/gidroexim.sk\/produkt\/klukovy-cap-tz4k14\/\" \/>\n<meta property=\"og:locale\" content=\"ru_RU\" \/>\n<meta property=\"og:type\" content=\"article\" \/>\n<meta property=\"og:title\" content=\"K\u013eukov\u00fd \u010dap TZ4K14 - GIDROEXIM\" \/>\n<meta property=\"og:description\" content=\"K\u013eukov\u00fd \u010dap TZ4K14 Katalogov\u00e9 \u010d\u00edslo : 02046\" \/>\n<meta property=\"og:url\" content=\"https:\/\/gidroexim.sk\/produkt\/klukovy-cap-tz4k14\/\" \/>\n<meta property=\"og:site_name\" content=\"GIDROEXIM\" \/>\n<meta property=\"article:modified_time\" content=\"2025-01-20T09:58:56+00:00\" \/>\n<meta property=\"og:image\" content=\"https:\/\/gidroexim.sk\/wp-content\/uploads\/2025\/01\/\u041f\u0430\u043b\u0435\u0446-02046-TZ4K14.jpg\" \/>\n\t<meta property=\"og:image:width\" content=\"2238\" \/>\n\t<meta property=\"og:image:height\" content=\"1848\" \/>\n\t<meta property=\"og:image:type\" content=\"image\/jpeg\" \/>\n<meta name=\"twitter:card\" content=\"summary_large_image\" \/>\n<meta name=\"twitter:label1\" content=\"\u041f\u0440\u0438\u043c\u0435\u0440\u043d\u043e\u0435 \u0432\u0440\u0435\u043c\u044f \u0434\u043b\u044f \u0447\u0442\u0435\u043d\u0438\u044f\" \/>\n\t<meta name=\"twitter:data1\" content=\"1 \u043c\u0438\u043d\u0443\u0442\u0430\" \/>\n<script type=\"application\/ld+json\" class=\"yoast-schema-graph\">{\"@context\":\"https:\/\/schema.org\",\"@graph\":[{\"@type\":\"WebPage\",\"@id\":\"https:\/\/gidroexim.sk\/produkt\/klukovy-cap-tz4k14\/\",\"url\":\"https:\/\/gidroexim.sk\/produkt\/klukovy-cap-tz4k14\/\",\"name\":\"K\u013eukov\u00fd \u010dap TZ4K14 - GIDROEXIM\",\"isPartOf\":{\"@id\":\"https:\/\/gidroexim.sk\/#website\"},\"primaryImageOfPage\":{\"@id\":\"https:\/\/gidroexim.sk\/produkt\/klukovy-cap-tz4k14\/#primaryimage\"},\"image\":{\"@id\":\"https:\/\/gidroexim.sk\/produkt\/klukovy-cap-tz4k14\/#primaryimage\"},\"thumbnailUrl\":\"https:\/\/gidroexim.sk\/wp-content\/uploads\/2025\/01\/\u041f\u0430\u043b\u0435\u0446-02046-TZ4K14.jpg\",\"datePublished\":\"2025-01-20T09:58:05+00:00\",\"dateModified\":\"2025-01-20T09:58:56+00:00\",\"description\":\"K\u013eukov\u00fd \u010dap TZ4K14 Katalogov\u00e9 \u010d\u00edslo : 02046\",\"breadcrumb\":{\"@id\":\"https:\/\/gidroexim.sk\/produkt\/klukovy-cap-tz4k14\/#breadcrumb\"},\"inLanguage\":\"ru-RU\",\"potentialAction\":[{\"@type\":\"ReadAction\",\"target\":[\"https:\/\/gidroexim.sk\/produkt\/klukovy-cap-tz4k14\/\"]}]},{\"@type\":\"ImageObject\",\"inLanguage\":\"ru-RU\",\"@id\":\"https:\/\/gidroexim.sk\/produkt\/klukovy-cap-tz4k14\/#primaryimage\",\"url\":\"https:\/\/gidroexim.sk\/wp-content\/uploads\/2025\/01\/\u041f\u0430\u043b\u0435\u0446-02046-TZ4K14.jpg\",\"contentUrl\":\"https:\/\/gidroexim.sk\/wp-content\/uploads\/2025\/01\/\u041f\u0430\u043b\u0435\u0446-02046-TZ4K14.jpg\",\"width\":2238,\"height\":1848,\"caption\":\"K\u013eukov\u00fd \u010dap TZ4K14 Katalogov\u00e9 \u010d\u00edslo : 02046\"},{\"@type\":\"BreadcrumbList\",\"@id\":\"https:\/\/gidroexim.sk\/produkt\/klukovy-cap-tz4k14\/#breadcrumb\",\"itemListElement\":[{\"@type\":\"ListItem\",\"position\":1,\"name\":\"Home\",\"item\":\"https:\/\/gidroexim.sk\/ru\/\"},{\"@type\":\"ListItem\",\"position\":2,\"name\":\"\u0432\u0441\u0435 \u043f\u0440\u043e\u0434\u0443\u043a\u0442\u044b\",\"item\":\"https:\/\/gidroexim.sk\/ru\/%d0%b2%d1%81%d0%b5-%d0%bf%d1%80%d0%be%d0%b4%d1%83%d0%ba%d1%82%d1%8b\/\"},{\"@type\":\"ListItem\",\"position\":3,\"name\":\"K\u013eukov\u00fd \u010dap TZ4K14\"}]},{\"@type\":\"WebSite\",\"@id\":\"https:\/\/gidroexim.sk\/#website\",\"url\":\"https:\/\/gidroexim.sk\/\",\"name\":\"GIDROEXIM\",\"description\":\"\",\"publisher\":{\"@id\":\"https:\/\/gidroexim.sk\/#organization\"},\"potentialAction\":[{\"@type\":\"SearchAction\",\"target\":{\"@type\":\"EntryPoint\",\"urlTemplate\":\"https:\/\/gidroexim.sk\/?s={search_term_string}\"},\"query-input\":{\"@type\":\"PropertyValueSpecification\",\"valueRequired\":true,\"valueName\":\"search_term_string\"}}],\"inLanguage\":\"ru-RU\"},{\"@type\":\"Organization\",\"@id\":\"https:\/\/gidroexim.sk\/#organization\",\"name\":\"GIDROEXIM\",\"url\":\"https:\/\/gidroexim.sk\/\",\"logo\":{\"@type\":\"ImageObject\",\"inLanguage\":\"ru-RU\",\"@id\":\"https:\/\/gidroexim.sk\/#\/schema\/logo\/image\/\",\"url\":\"https:\/\/gidroexim.sk\/wp-content\/uploads\/gidroexim-logo-2.png\",\"contentUrl\":\"https:\/\/gidroexim.sk\/wp-content\/uploads\/gidroexim-logo-2.png\",\"width\":336,\"height\":120,\"caption\":\"GIDROEXIM\"},\"image\":{\"@id\":\"https:\/\/gidroexim.sk\/#\/schema\/logo\/image\/\"}}]}<\/script>\n<!-- \/ Yoast SEO plugin. -->","yoast_head_json":{"title":"K\u013eukov\u00fd \u010dap TZ4K14 - GIDROEXIM","description":"K\u013eukov\u00fd \u010dap TZ4K14 Katalogov\u00e9 \u010d\u00edslo : 02046","robots":{"index":"index","follow":"follow","max-snippet":"max-snippet:-1","max-image-preview":"max-image-preview:large","max-video-preview":"max-video-preview:-1"},"canonical":"https:\/\/gidroexim.sk\/produkt\/klukovy-cap-tz4k14\/","og_locale":"ru_RU","og_type":"article","og_title":"K\u013eukov\u00fd \u010dap TZ4K14 - GIDROEXIM","og_description":"K\u013eukov\u00fd \u010dap TZ4K14 Katalogov\u00e9 \u010d\u00edslo : 02046","og_url":"https:\/\/gidroexim.sk\/produkt\/klukovy-cap-tz4k14\/","og_site_name":"GIDROEXIM","article_modified_time":"2025-01-20T09:58:56+00:00","og_image":[{"width":2238,"height":1848,"url":"https:\/\/gidroexim.sk\/wp-content\/uploads\/2025\/01\/\u041f\u0430\u043b\u0435\u0446-02046-TZ4K14.jpg","type":"image\/jpeg"}],"twitter_card":"summary_large_image","twitter_misc":{"\u041f\u0440\u0438\u043c\u0435\u0440\u043d\u043e\u0435 \u0432\u0440\u0435\u043c\u044f \u0434\u043b\u044f \u0447\u0442\u0435\u043d\u0438\u044f":"1 \u043c\u0438\u043d\u0443\u0442\u0430"},"schema":{"@context":"https:\/\/schema.org","@graph":[{"@type":"WebPage","@id":"https:\/\/gidroexim.sk\/produkt\/klukovy-cap-tz4k14\/","url":"https:\/\/gidroexim.sk\/produkt\/klukovy-cap-tz4k14\/","name":"K\u013eukov\u00fd \u010dap TZ4K14 - GIDROEXIM","isPartOf":{"@id":"https:\/\/gidroexim.sk\/#website"},"primaryImageOfPage":{"@id":"https:\/\/gidroexim.sk\/produkt\/klukovy-cap-tz4k14\/#primaryimage"},"image":{"@id":"https:\/\/gidroexim.sk\/produkt\/klukovy-cap-tz4k14\/#primaryimage"},"thumbnailUrl":"https:\/\/gidroexim.sk\/wp-content\/uploads\/2025\/01\/\u041f\u0430\u043b\u0435\u0446-02046-TZ4K14.jpg","datePublished":"2025-01-20T09:58:05+00:00","dateModified":"2025-01-20T09:58:56+00:00","description":"K\u013eukov\u00fd \u010dap TZ4K14 Katalogov\u00e9 \u010d\u00edslo : 02046","breadcrumb":{"@id":"https:\/\/gidroexim.sk\/produkt\/klukovy-cap-tz4k14\/#breadcrumb"},"inLanguage":"ru-RU","potentialAction":[{"@type":"ReadAction","target":["https:\/\/gidroexim.sk\/produkt\/klukovy-cap-tz4k14\/"]}]},{"@type":"ImageObject","inLanguage":"ru-RU","@id":"https:\/\/gidroexim.sk\/produkt\/klukovy-cap-tz4k14\/#primaryimage","url":"https:\/\/gidroexim.sk\/wp-content\/uploads\/2025\/01\/\u041f\u0430\u043b\u0435\u0446-02046-TZ4K14.jpg","contentUrl":"https:\/\/gidroexim.sk\/wp-content\/uploads\/2025\/01\/\u041f\u0430\u043b\u0435\u0446-02046-TZ4K14.jpg","width":2238,"height":1848,"caption":"K\u013eukov\u00fd \u010dap TZ4K14 Katalogov\u00e9 \u010d\u00edslo : 02046"},{"@type":"BreadcrumbList","@id":"https:\/\/gidroexim.sk\/produkt\/klukovy-cap-tz4k14\/#breadcrumb","itemListElement":[{"@type":"ListItem","position":1,"name":"Home","item":"https:\/\/gidroexim.sk\/ru\/"},{"@type":"ListItem","position":2,"name":"\u0432\u0441\u0435 \u043f\u0440\u043e\u0434\u0443\u043a\u0442\u044b","item":"https:\/\/gidroexim.sk\/ru\/%d0%b2%d1%81%d0%b5-%d0%bf%d1%80%d0%be%d0%b4%d1%83%d0%ba%d1%82%d1%8b\/"},{"@type":"ListItem","position":3,"name":"K\u013eukov\u00fd \u010dap TZ4K14"}]},{"@type":"WebSite","@id":"https:\/\/gidroexim.sk\/#website","url":"https:\/\/gidroexim.sk\/","name":"GIDROEXIM","description":"","publisher":{"@id":"https:\/\/gidroexim.sk\/#organization"},"potentialAction":[{"@type":"SearchAction","target":{"@type":"EntryPoint","urlTemplate":"https:\/\/gidroexim.sk\/?s={search_term_string}"},"query-input":{"@type":"PropertyValueSpecification","valueRequired":true,"valueName":"search_term_string"}}],"inLanguage":"ru-RU"},{"@type":"Organization","@id":"https:\/\/gidroexim.sk\/#organization","name":"GIDROEXIM","url":"https:\/\/gidroexim.sk\/","logo":{"@type":"ImageObject","inLanguage":"ru-RU","@id":"https:\/\/gidroexim.sk\/#\/schema\/logo\/image\/","url":"https:\/\/gidroexim.sk\/wp-content\/uploads\/gidroexim-logo-2.png","contentUrl":"https:\/\/gidroexim.sk\/wp-content\/uploads\/gidroexim-logo-2.png","width":336,"height":120,"caption":"GIDROEXIM"},"image":{"@id":"https:\/\/gidroexim.sk\/#\/schema\/logo\/image\/"}}]}},"_links":{"self":[{"href":"https:\/\/gidroexim.sk\/ru\/wp-json\/wp\/v2\/product\/38745","targetHints":{"allow":["GET"]}}],"collection":[{"href":"https:\/\/gidroexim.sk\/ru\/wp-json\/wp\/v2\/product"}],"about":[{"href":"https:\/\/gidroexim.sk\/ru\/wp-json\/wp\/v2\/types\/product"}],"wp:featuredmedia":[{"embeddable":true,"href":"https:\/\/gidroexim.sk\/ru\/wp-json\/wp\/v2\/media\/38746"}],"wp:attachment":[{"href":"https:\/\/gidroexim.sk\/ru\/wp-json\/wp\/v2\/media?parent=38745"}],"wp:term":[{"taxonomy":"product_cat","embeddable":true,"href":"https:\/\/gidroexim.sk\/ru\/wp-json\/wp\/v2\/product_cat?post=38745"},{"taxonomy":"product_tag","embeddable":true,"href":"https:\/\/gidroexim.sk\/ru\/wp-json\/wp\/v2\/product_tag?post=38745"}],"curies":[{"name":"wp","href":"https:\/\/api.w.org\/{rel}","templated":true}]}}